{"id":14,"date":"2023-08-02T14:59:52","date_gmt":"2023-08-02T12:59:52","guid":{"rendered":"https:\/\/pizzeriaparadisodd.sk\/?page_id=14"},"modified":"2024-07-15T13:19:53","modified_gmt":"2024-07-15T11:19:53","slug":"domov","status":"publish","type":"page","link":"https:\/\/www.pizzeriaparadisodd.sk\/en_en\/","title":{"rendered":"Home"},"content":{"rendered":"\t\t<div data-elementor-type=\"wp-page\" data-elementor-id=\"14\" class=\"elementor elementor-14\" data-elementor-post-type=\"page\">\n\t\t\t\t\t\t\t\t\t<section class=\"elementor-section elementor-top-section elementor-element elementor-element-1d93c21 elementor-section-height-min-height elementor-section-boxed elementor-section-height-default elementor-section-items-middle\" data-id=\"1d93c21\" data-element_type=\"section\" data-settings=\"{&quot;background_background&quot;:&quot;classic&quot;}\">\n\t\t\t\t\t\t\t<div class=\"elementor-background-overlay\"><\/div>\n\t\t\t\t\t\t\t<div class=\"elementor-container elementor-column-gap-default\">\n\t\t\t\t\t<div class=\"elementor-column elementor-col-100 elementor-top-column elementor-element elementor-element-d285c0b\" data-id=\"d285c0b\" data-element_type=\"column\">\n\t\t\t<div class=\"elementor-widget-wrap elementor-element-populated\">\n\t\t\t\t\t\t\t\t<div class=\"elementor-element elementor-element-f90aad7 elementor-widget__width-auto elementor-absolute elementor-widget elementor-widget-heading\" data-id=\"f90aad7\" data-element_type=\"widget\" data-settings=\"{&quot;_position&quot;:&quot;absolute&quot;}\" data-widget_type=\"heading.default\">\n\t\t\t\t<div class=\"elementor-widget-container\">\n\t\t\t<style>\/*! elementor - v3.15.0 - 20-08-2023 *\/\n.elementor-heading-title{padding:0;margin:0;line-height:1}.elementor-widget-heading .elementor-heading-title[class*=elementor-size-]>a{color:inherit;font-size:inherit;line-height:inherit}.elementor-widget-heading .elementor-heading-title.elementor-size-small{font-size:15px}.elementor-widget-heading .elementor-heading-title.elementor-size-medium{font-size:19px}.elementor-widget-heading .elementor-heading-title.elementor-size-large{font-size:29px}.elementor-widget-heading .elementor-heading-title.elementor-size-xl{font-size:39px}.elementor-widget-heading .elementor-heading-title.elementor-size-xxl{font-size:59px}<\/style><h2 class=\"elementor-heading-title elementor-size-default\">We have<\/h2>\t\t<\/div>\n\t\t\t\t<\/div>\n\t\t\t\t<div class=\"elementor-element elementor-element-0dacd70 elementor-widget__width-auto elementor-absolute elementor-widget elementor-widget-heading\" data-id=\"0dacd70\" data-element_type=\"widget\" data-settings=\"{&quot;_position&quot;:&quot;absolute&quot;}\" data-widget_type=\"heading.default\">\n\t\t\t\t<div class=\"elementor-widget-container\">\n\t\t\t<h2 class=\"elementor-heading-title elementor-size-default\">the best<\/h2>\t\t<\/div>\n\t\t\t\t<\/div>\n\t\t\t\t<div class=\"elementor-element elementor-element-4fe71ee elementor-widget__width-auto elementor-absolute elementor-widget elementor-widget-heading\" data-id=\"4fe71ee\" data-element_type=\"widget\" data-settings=\"{&quot;_position&quot;:&quot;absolute&quot;}\" data-widget_type=\"heading.default\">\n\t\t\t\t<div class=\"elementor-widget-container\">\n\t\t\t<h2 class=\"elementor-heading-title elementor-size-default\">pizza<\/h2>\t\t<\/div>\n\t\t\t\t<\/div>\n\t\t\t\t<div class=\"elementor-element elementor-element-f5b24bb elementor-widget__width-auto elementor-absolute elementor-widget elementor-widget-heading\" data-id=\"f5b24bb\" data-element_type=\"widget\" data-settings=\"{&quot;_position&quot;:&quot;absolute&quot;}\" data-widget_type=\"heading.default\">\n\t\t\t\t<div class=\"elementor-widget-container\">\n\t\t\t<h2 class=\"elementor-heading-title elementor-size-default\">in the city<\/h2>\t\t<\/div>\n\t\t\t\t<\/div>\n\t\t\t\t<div class=\"elementor-element elementor-element-21b165f elementor-widget-mobile__width-auto elementor-absolute elementor-hidden-desktop elementor-hidden-tablet elementor-widget elementor-widget-button\" data-id=\"21b165f\" data-element_type=\"widget\" data-settings=\"{&quot;_position&quot;:&quot;absolute&quot;}\" data-widget_type=\"button.default\">\n\t\t\t\t<div class=\"elementor-widget-container\">\n\t\t\t\t\t<div class=\"elementor-button-wrapper\">\n\t\t\t<a class=\"elementor-button elementor-button-link elementor-size-sm\" href=\"https:\/\/www.pizzeriaparadisodd.sk\/en_en\/pizza\/\">\n\t\t\t\t\t\t<span class=\"elementor-button-content-wrapper\">\n\t\t\t\t\t\t<span class=\"elementor-button-text\">Obchod<\/span>\n\t\t<\/span>\n\t\t\t\t\t<\/a>\n\t\t<\/div>\n\t\t\t\t<\/div>\n\t\t\t\t<\/div>\n\t\t\t\t\t<\/div>\n\t\t<\/div>\n\t\t\t\t\t\t\t<\/div>\n\t\t<\/section>\n\t\t\t\t<section class=\"elementor-section elementor-top-section elementor-element elementor-element-3e68f20 elementor-section-boxed elementor-section-height-default elementor-section-height-default\" data-id=\"3e68f20\" data-element_type=\"section\">\n\t\t\t\t\t\t<div class=\"elementor-container elementor-column-gap-custom\">\n\t\t\t\t\t<div class=\"elementor-column elementor-col-33 elementor-top-column elementor-element elementor-element-ac0d06d\" data-id=\"ac0d06d\" data-element_type=\"column\">\n\t\t\t<div class=\"elementor-widget-wrap elementor-element-populated\">\n\t\t\t\t\t\t\t\t<div class=\"elementor-element elementor-element-f593a4e elementor-widget elementor-widget-image\" data-id=\"f593a4e\" data-element_type=\"widget\" data-widget_type=\"image.default\">\n\t\t\t\t<div class=\"elementor-widget-container\">\n\t\t\t<style>\/*! elementor - v3.15.0 - 20-08-2023 *\/\n.elementor-widget-image{text-align:center}.elementor-widget-image a{display:inline-block}.elementor-widget-image a img[src$=\".svg\"]{width:48px}.elementor-widget-image img{vertical-align:middle;display:inline-block}<\/style>\t\t\t\t\t\t\t\t\t\t\t\t<img loading=\"lazy\" decoding=\"async\" width=\"300\" height=\"300\" src=\"https:\/\/www.pizzeriaparadisodd.sk\/wp-content\/uploads\/2023\/08\/download-1-300x300.png\" class=\"attachment-medium size-medium wp-image-58\" alt=\"\" srcset=\"https:\/\/www.pizzeriaparadisodd.sk\/wp-content\/uploads\/2023\/08\/download-1-300x300.png 300w, https:\/\/www.pizzeriaparadisodd.sk\/wp-content\/uploads\/2023\/08\/download-1-100x100.png 100w, https:\/\/www.pizzeriaparadisodd.sk\/wp-content\/uploads\/2023\/08\/download-1-150x150.png 150w, https:\/\/www.pizzeriaparadisodd.sk\/wp-content\/uploads\/2023\/08\/download-1.png 512w\" sizes=\"auto, (max-width: 300px) 100vw, 300px\" \/>\t\t\t\t\t\t\t\t\t\t\t\t\t\t\t<\/div>\n\t\t\t\t<\/div>\n\t\t\t\t<div class=\"elementor-element elementor-element-9c7e135 elementor-widget elementor-widget-heading\" data-id=\"9c7e135\" data-element_type=\"widget\" data-widget_type=\"heading.default\">\n\t\t\t\t<div class=\"elementor-widget-container\">\n\t\t\t<h2 class=\"elementor-heading-title elementor-size-default\">Nie\u010do o n\u00e1s<\/h2>\t\t<\/div>\n\t\t\t\t<\/div>\n\t\t\t\t<div class=\"elementor-element elementor-element-88dae01 elementor-widget elementor-widget-text-editor\" data-id=\"88dae01\" data-element_type=\"widget\" data-widget_type=\"text-editor.default\">\n\t\t\t\t<div class=\"elementor-widget-container\">\n\t\t\t<style>\/*! elementor - v3.15.0 - 20-08-2023 *\/\n.elementor-widget-text-editor.elementor-drop-cap-view-stacked .elementor-drop-cap{background-color:#69727d;color:#fff}.elementor-widget-text-editor.elementor-drop-cap-view-framed .elementor-drop-cap{color:#69727d;border:3px solid;background-color:transparent}.elementor-widget-text-editor:not(.elementor-drop-cap-view-default) .elementor-drop-cap{margin-top:8px}.elementor-widget-text-editor:not(.elementor-drop-cap-view-default) .elementor-drop-cap-letter{width:1em;height:1em}.elementor-widget-text-editor .elementor-drop-cap{float:left;text-align:center;line-height:1;font-size:50px}.elementor-widget-text-editor .elementor-drop-cap-letter{display:inline-block}<\/style>\t\t\t\t<p>Na\u0161e cesto sa rodilo rokmi a rokmi sk\u00fasenost\u00ed. Je jedine\u010dn\u00e9 preto, preto\u017ee sme spojili starod\u00e1vnu tradi\u010dn\u00fa v\u00fdrobu pek\u00e1rov z Kal\u00e1brie a starod\u00e1vnu v\u00fdrobu pizz\u00e9rov z Neapola. Pizz\u00e9r Guido Paradiso sa riadil z\u00e1sadami tejto v\u00fdroby a vymyslel jedine\u010dn\u00e9 cesto.\u00a0<\/p>\t\t\t\t\t\t<\/div>\n\t\t\t\t<\/div>\n\t\t\t\t<div class=\"elementor-element elementor-element-4b20d05 elementor-align-center elementor-widget elementor-widget-button\" data-id=\"4b20d05\" data-element_type=\"widget\" data-widget_type=\"button.default\">\n\t\t\t\t<div class=\"elementor-widget-container\">\n\t\t\t\t\t<div class=\"elementor-button-wrapper\">\n\t\t\t<a class=\"elementor-button elementor-button-link elementor-size-sm\" href=\"https:\/\/www.pizzeriaparadisodd.sk\/en_en\/pizza\/\">\n\t\t\t\t\t\t<span class=\"elementor-button-content-wrapper\">\n\t\t\t\t\t\t<span class=\"elementor-button-text\">Zobrazi\u0165 viac<\/span>\n\t\t<\/span>\n\t\t\t\t\t<\/a>\n\t\t<\/div>\n\t\t\t\t<\/div>\n\t\t\t\t<\/div>\n\t\t\t\t\t<\/div>\n\t\t<\/div>\n\t\t\t\t<div class=\"elementor-column elementor-col-33 elementor-top-column elementor-element elementor-element-bb0ef9a\" data-id=\"bb0ef9a\" data-element_type=\"column\">\n\t\t\t<div class=\"elementor-widget-wrap elementor-element-populated\">\n\t\t\t\t\t\t\t\t<div class=\"elementor-element elementor-element-7b96744 elementor-widget elementor-widget-image\" data-id=\"7b96744\" data-element_type=\"widget\" data-widget_type=\"image.default\">\n\t\t\t\t<div class=\"elementor-widget-container\">\n\t\t\t\t\t\t\t\t\t\t\t\t\t\t\t<img loading=\"lazy\" decoding=\"async\" width=\"300\" height=\"300\" src=\"https:\/\/www.pizzeriaparadisodd.sk\/wp-content\/uploads\/2023\/08\/download-2-300x300.png\" class=\"attachment-medium size-medium wp-image-63\" alt=\"\" srcset=\"https:\/\/www.pizzeriaparadisodd.sk\/wp-content\/uploads\/2023\/08\/download-2-300x300.png 300w, https:\/\/www.pizzeriaparadisodd.sk\/wp-content\/uploads\/2023\/08\/download-2-100x100.png 100w, https:\/\/www.pizzeriaparadisodd.sk\/wp-content\/uploads\/2023\/08\/download-2-150x150.png 150w, https:\/\/www.pizzeriaparadisodd.sk\/wp-content\/uploads\/2023\/08\/download-2.png 512w\" sizes=\"auto, (max-width: 300px) 100vw, 300px\" \/>\t\t\t\t\t\t\t\t\t\t\t\t\t\t\t<\/div>\n\t\t\t\t<\/div>\n\t\t\t\t<div class=\"elementor-element elementor-element-a3a1f0c elementor-widget elementor-widget-heading\" data-id=\"a3a1f0c\" data-element_type=\"widget\" data-widget_type=\"heading.default\">\n\t\t\t\t<div class=\"elementor-widget-container\">\n\t\t\t<h2 class=\"elementor-heading-title elementor-size-default\">Doru\u010denie<\/h2>\t\t<\/div>\n\t\t\t\t<\/div>\n\t\t\t\t<div class=\"elementor-element elementor-element-436ba73 elementor-widget elementor-widget-text-editor\" data-id=\"436ba73\" data-element_type=\"widget\" data-widget_type=\"text-editor.default\">\n\t\t\t\t<div class=\"elementor-widget-container\">\n\t\t\t\t\t\t\t<p>Karlova Ves, Dlh\u00e9 diely: minim\u00e1lna objedn\u00e1vka 8,00\u20ac + dovoz zdarma, D\u00fabravka: minim\u00e1lna objedn\u00e1vka 10\u20ac + dovoz 1,50\u20ac,<br>Star\u00e9 Grunty: minim\u00e1lna objedn\u00e1vka 8,00\u20ac + dovoz 1,00\u20ac,<br>Dev\u00edn: minim\u00e1lna objedn\u00e1vka 15,00\u20ac + dovoz 3,00\u20ac,<br>In\u00e1 lokalita: zv\u00e1\u017eime&nbsp;telefonicky<\/p>\n<p>Platba kartou je mo\u017en\u00e1 len cez na\u0161u webov\u00fa str\u00e1nky. Platobny termin\u00e1l nepou\u017e\u00edvame.<\/p>\t\t\t\t\t\t<\/div>\n\t\t\t\t<\/div>\n\t\t\t\t<div class=\"elementor-element elementor-element-8b0ea0d elementor-align-center elementor-widget elementor-widget-button\" data-id=\"8b0ea0d\" data-element_type=\"widget\" data-widget_type=\"button.default\">\n\t\t\t\t<div class=\"elementor-widget-container\">\n\t\t\t\t\t<div class=\"elementor-button-wrapper\">\n\t\t\t<a class=\"elementor-button elementor-button-link elementor-size-sm\" href=\"#para-footer\">\n\t\t\t\t\t\t<span class=\"elementor-button-content-wrapper\">\n\t\t\t\t\t\t<span class=\"elementor-button-text\">Zobrazi\u0165 viac<\/span>\n\t\t<\/span>\n\t\t\t\t\t<\/a>\n\t\t<\/div>\n\t\t\t\t<\/div>\n\t\t\t\t<\/div>\n\t\t\t\t\t<\/div>\n\t\t<\/div>\n\t\t\t\t<div class=\"elementor-column elementor-col-33 elementor-top-column elementor-element elementor-element-cc19687\" data-id=\"cc19687\" data-element_type=\"column\">\n\t\t\t<div class=\"elementor-widget-wrap elementor-element-populated\">\n\t\t\t\t\t\t\t\t<div class=\"elementor-element elementor-element-fcc0f89 elementor-widget elementor-widget-image\" data-id=\"fcc0f89\" data-element_type=\"widget\" data-widget_type=\"image.default\">\n\t\t\t\t<div class=\"elementor-widget-container\">\n\t\t\t\t\t\t\t\t\t\t\t\t\t\t\t<img loading=\"lazy\" decoding=\"async\" width=\"300\" height=\"300\" src=\"https:\/\/www.pizzeriaparadisodd.sk\/wp-content\/uploads\/2023\/08\/download-3-300x300.png\" class=\"attachment-medium size-medium wp-image-64\" alt=\"\" srcset=\"https:\/\/www.pizzeriaparadisodd.sk\/wp-content\/uploads\/2023\/08\/download-3-300x300.png 300w, https:\/\/www.pizzeriaparadisodd.sk\/wp-content\/uploads\/2023\/08\/download-3-100x100.png 100w, https:\/\/www.pizzeriaparadisodd.sk\/wp-content\/uploads\/2023\/08\/download-3-150x150.png 150w, https:\/\/www.pizzeriaparadisodd.sk\/wp-content\/uploads\/2023\/08\/download-3.png 512w\" sizes=\"auto, (max-width: 300px) 100vw, 300px\" \/>\t\t\t\t\t\t\t\t\t\t\t\t\t\t\t<\/div>\n\t\t\t\t<\/div>\n\t\t\t\t<div class=\"elementor-element elementor-element-9f71835 elementor-widget elementor-widget-heading\" data-id=\"9f71835\" data-element_type=\"widget\" data-widget_type=\"heading.default\">\n\t\t\t\t<div class=\"elementor-widget-container\">\n\t\t\t<h2 class=\"elementor-heading-title elementor-size-default\">Kde n\u00e1s n\u00e1jdete<\/h2>\t\t<\/div>\n\t\t\t\t<\/div>\n\t\t\t\t<div class=\"elementor-element elementor-element-542e346 elementor-widget elementor-widget-text-editor\" data-id=\"542e346\" data-element_type=\"widget\" data-widget_type=\"text-editor.default\">\n\t\t\t\t<div class=\"elementor-widget-container\">\n\t\t\t\t\t\t\t<p>Na\u0161a prev\u00e1dzka sa nach\u00e1dza v Karlovej vsi na ulici Majern\u00edkova 30. Tu si m\u00f4\u017eete osobne vyzdvihn\u00fa\u0165 svoju pizzu po\u010das otv\u00e1rac\u00edch hod\u00edn.<\/p><p>Pri osobn\u00f3m odbere pr\u00edjmame platby iba v hotovosti!<\/p>\t\t\t\t\t\t<\/div>\n\t\t\t\t<\/div>\n\t\t\t\t<div class=\"elementor-element elementor-element-4251031 elementor-align-center elementor-widget elementor-widget-button\" data-id=\"4251031\" data-element_type=\"widget\" data-widget_type=\"button.default\">\n\t\t\t\t<div class=\"elementor-widget-container\">\n\t\t\t\t\t<div class=\"elementor-button-wrapper\">\n\t\t\t<a class=\"elementor-button elementor-button-link elementor-size-sm\" href=\"#para-footer\">\n\t\t\t\t\t\t<span class=\"elementor-button-content-wrapper\">\n\t\t\t\t\t\t<span class=\"elementor-button-text\">Zobrazi\u0165 viac<\/span>\n\t\t<\/span>\n\t\t\t\t\t<\/a>\n\t\t<\/div>\n\t\t\t\t<\/div>\n\t\t\t\t<\/div>\n\t\t\t\t\t<\/div>\n\t\t<\/div>\n\t\t\t\t\t\t\t<\/div>\n\t\t<\/section>\n\t\t\t\t<section class=\"elementor-section elementor-top-section elementor-element elementor-element-9254305 elementor-section-boxed elementor-section-height-default elementor-section-height-default\" data-id=\"9254305\" data-element_type=\"section\">\n\t\t\t\t\t\t<div class=\"elementor-container elementor-column-gap-default\">\n\t\t\t\t\t<div class=\"elementor-column elementor-col-100 elementor-top-column elementor-element elementor-element-ab7394d\" data-id=\"ab7394d\" data-element_type=\"column\">\n\t\t\t<div class=\"elementor-widget-wrap elementor-element-populated\">\n\t\t\t\t\t\t\t\t<div class=\"elementor-element elementor-element-21c2d68 elementor-widget elementor-widget-heading\" data-id=\"21c2d68\" data-element_type=\"widget\" data-widget_type=\"heading.default\">\n\t\t\t\t<div class=\"elementor-widget-container\">\n\t\t\t<h2 class=\"elementor-heading-title elementor-size-default\">Pon\u00fakame<\/h2>\t\t<\/div>\n\t\t\t\t<\/div>\n\t\t\t\t\t<\/div>\n\t\t<\/div>\n\t\t\t\t\t\t\t<\/div>\n\t\t<\/section>\n\t\t\t\t<section class=\"elementor-section elementor-top-section elementor-element elementor-element-2382154 elementor-section-boxed elementor-section-height-default elementor-section-height-default\" data-id=\"2382154\" data-element_type=\"section\" data-settings=\"{&quot;background_background&quot;:&quot;classic&quot;}\">\n\t\t\t\t\t\t<div class=\"elementor-container elementor-column-gap-custom\">\n\t\t\t\t\t<div class=\"elementor-column elementor-col-33 elementor-top-column elementor-element elementor-element-24b1f21\" data-id=\"24b1f21\" data-element_type=\"column\">\n\t\t\t<div class=\"elementor-widget-wrap elementor-element-populated\">\n\t\t\t\t\t\t\t\t<div class=\"elementor-element elementor-element-9f132b3 elementor-widget elementor-widget-image\" data-id=\"9f132b3\" data-element_type=\"widget\" data-widget_type=\"image.default\">\n\t\t\t\t<div class=\"elementor-widget-container\">\n\t\t\t\t\t\t\t\t\t\t\t\t\t\t\t\t<a href=\"https:\/\/www.pizzeriaparadisodd.sk\/en_en\/pizza\/\">\n\t\t\t\t\t\t\t<img loading=\"lazy\" decoding=\"async\" width=\"768\" height=\"768\" src=\"https:\/\/www.pizzeriaparadisodd.sk\/wp-content\/uploads\/2023\/09\/WhatsApp-Image-2023-09-04-at-22.36.47-768x768.jpg\" class=\"attachment-medium_large size-medium_large wp-image-638\" alt=\"\" srcset=\"https:\/\/www.pizzeriaparadisodd.sk\/wp-content\/uploads\/2023\/09\/WhatsApp-Image-2023-09-04-at-22.36.47-768x768.jpg 768w, https:\/\/www.pizzeriaparadisodd.sk\/wp-content\/uploads\/2023\/09\/WhatsApp-Image-2023-09-04-at-22.36.47-300x300.jpg 300w, https:\/\/www.pizzeriaparadisodd.sk\/wp-content\/uploads\/2023\/09\/WhatsApp-Image-2023-09-04-at-22.36.47-100x100.jpg 100w, https:\/\/www.pizzeriaparadisodd.sk\/wp-content\/uploads\/2023\/09\/WhatsApp-Image-2023-09-04-at-22.36.47-600x600.jpg 600w, https:\/\/www.pizzeriaparadisodd.sk\/wp-content\/uploads\/2023\/09\/WhatsApp-Image-2023-09-04-at-22.36.47-150x150.jpg 150w, https:\/\/www.pizzeriaparadisodd.sk\/wp-content\/uploads\/2023\/09\/WhatsApp-Image-2023-09-04-at-22.36.47-12x12.jpg 12w, https:\/\/www.pizzeriaparadisodd.sk\/wp-content\/uploads\/2023\/09\/WhatsApp-Image-2023-09-04-at-22.36.47.jpg 1024w\" sizes=\"auto, (max-width: 768px) 100vw, 768px\" \/>\t\t\t\t\t\t\t\t<\/a>\n\t\t\t\t\t\t\t\t\t\t\t\t\t\t\t<\/div>\n\t\t\t\t<\/div>\n\t\t\t\t<div class=\"elementor-element elementor-element-166bed5 elementor-widget elementor-widget-heading\" data-id=\"166bed5\" data-element_type=\"widget\" data-widget_type=\"heading.default\">\n\t\t\t\t<div class=\"elementor-widget-container\">\n\t\t\t<h2 class=\"elementor-heading-title elementor-size-default\"><a href=\"https:\/\/www.pizzeriaparadisodd.sk\/en_en\/pizza\/\">Pizza<\/a><\/h2>\t\t<\/div>\n\t\t\t\t<\/div>\n\t\t\t\t\t<\/div>\n\t\t<\/div>\n\t\t\t\t<div class=\"elementor-column elementor-col-33 elementor-top-column elementor-element elementor-element-3d2a07d\" data-id=\"3d2a07d\" data-element_type=\"column\">\n\t\t\t<div class=\"elementor-widget-wrap elementor-element-populated\">\n\t\t\t\t\t\t\t\t<div class=\"elementor-element elementor-element-6c72199 elementor-widget elementor-widget-image\" data-id=\"6c72199\" data-element_type=\"widget\" data-widget_type=\"image.default\">\n\t\t\t\t<div class=\"elementor-widget-container\">\n\t\t\t\t\t\t\t\t\t\t\t\t\t\t\t\t<a href=\"https:\/\/www.pizzeriaparadisodd.sk\/en_en\/product-category\/produkty\/napoje\/\">\n\t\t\t\t\t\t\t<img loading=\"lazy\" decoding=\"async\" width=\"768\" height=\"836\" src=\"https:\/\/www.pizzeriaparadisodd.sk\/wp-content\/uploads\/2023\/09\/wine-bottle-glass-grapes-isolated-white-768x836.jpg\" class=\"attachment-medium_large size-medium_large wp-image-635\" alt=\"\" srcset=\"https:\/\/www.pizzeriaparadisodd.sk\/wp-content\/uploads\/2023\/09\/wine-bottle-glass-grapes-isolated-white-768x836.jpg 768w, https:\/\/www.pizzeriaparadisodd.sk\/wp-content\/uploads\/2023\/09\/wine-bottle-glass-grapes-isolated-white-scaled-600x653.jpg 600w, https:\/\/www.pizzeriaparadisodd.sk\/wp-content\/uploads\/2023\/09\/wine-bottle-glass-grapes-isolated-white-276x300.jpg 276w, https:\/\/www.pizzeriaparadisodd.sk\/wp-content\/uploads\/2023\/09\/wine-bottle-glass-grapes-isolated-white-941x1024.jpg 941w, https:\/\/www.pizzeriaparadisodd.sk\/wp-content\/uploads\/2023\/09\/wine-bottle-glass-grapes-isolated-white-1411x1536.jpg 1411w, https:\/\/www.pizzeriaparadisodd.sk\/wp-content\/uploads\/2023\/09\/wine-bottle-glass-grapes-isolated-white-1882x2048.jpg 1882w, https:\/\/www.pizzeriaparadisodd.sk\/wp-content\/uploads\/2023\/09\/wine-bottle-glass-grapes-isolated-white-11x12.jpg 11w\" sizes=\"auto, (max-width: 768px) 100vw, 768px\" \/>\t\t\t\t\t\t\t\t<\/a>\n\t\t\t\t\t\t\t\t\t\t\t\t\t\t\t<\/div>\n\t\t\t\t<\/div>\n\t\t\t\t<div class=\"elementor-element elementor-element-1f37449 elementor-widget elementor-widget-heading\" data-id=\"1f37449\" data-element_type=\"widget\" data-widget_type=\"heading.default\">\n\t\t\t\t<div class=\"elementor-widget-container\">\n\t\t\t<h2 class=\"elementor-heading-title elementor-size-default\"><a href=\"https:\/\/www.pizzeriaparadisodd.sk\/en_en\/product-category\/produkty\/napoje\/\">n\u00e1poje<\/a><\/h2>\t\t<\/div>\n\t\t\t\t<\/div>\n\t\t\t\t\t<\/div>\n\t\t<\/div>\n\t\t\t\t<div class=\"elementor-column elementor-col-33 elementor-top-column elementor-element elementor-element-001d015\" data-id=\"001d015\" data-element_type=\"column\">\n\t\t\t<div class=\"elementor-widget-wrap elementor-element-populated\">\n\t\t\t\t\t\t\t\t<div class=\"elementor-element elementor-element-4d7760e elementor-widget elementor-widget-image\" data-id=\"4d7760e\" data-element_type=\"widget\" data-widget_type=\"image.default\">\n\t\t\t\t<div class=\"elementor-widget-container\">\n\t\t\t\t\t\t\t\t\t\t\t\t\t\t\t\t<a href=\"https:\/\/www.pizzeriaparadisodd.sk\/en_en\/product-category\/produkty\/\">\n\t\t\t\t\t\t\t<img loading=\"lazy\" decoding=\"async\" width=\"768\" height=\"540\" src=\"https:\/\/www.pizzeriaparadisodd.sk\/wp-content\/uploads\/2023\/09\/basket-full-vegetables-768x540.jpg\" class=\"attachment-medium_large size-medium_large wp-image-636\" alt=\"\" srcset=\"https:\/\/www.pizzeriaparadisodd.sk\/wp-content\/uploads\/2023\/09\/basket-full-vegetables-768x540.jpg 768w, https:\/\/www.pizzeriaparadisodd.sk\/wp-content\/uploads\/2023\/09\/basket-full-vegetables-scaled-600x422.jpg 600w, https:\/\/www.pizzeriaparadisodd.sk\/wp-content\/uploads\/2023\/09\/basket-full-vegetables-300x211.jpg 300w, https:\/\/www.pizzeriaparadisodd.sk\/wp-content\/uploads\/2023\/09\/basket-full-vegetables-1024x721.jpg 1024w, https:\/\/www.pizzeriaparadisodd.sk\/wp-content\/uploads\/2023\/09\/basket-full-vegetables-1536x1081.jpg 1536w, https:\/\/www.pizzeriaparadisodd.sk\/wp-content\/uploads\/2023\/09\/basket-full-vegetables-2048x1441.jpg 2048w, https:\/\/www.pizzeriaparadisodd.sk\/wp-content\/uploads\/2023\/09\/basket-full-vegetables-18x12.jpg 18w\" sizes=\"auto, (max-width: 768px) 100vw, 768px\" \/>\t\t\t\t\t\t\t\t<\/a>\n\t\t\t\t\t\t\t\t\t\t\t\t\t\t\t<\/div>\n\t\t\t\t<\/div>\n\t\t\t\t<div class=\"elementor-element elementor-element-cfb4d70 elementor-widget elementor-widget-heading\" data-id=\"cfb4d70\" data-element_type=\"widget\" data-widget_type=\"heading.default\">\n\t\t\t\t<div class=\"elementor-widget-container\">\n\t\t\t<h2 class=\"elementor-heading-title elementor-size-default\"><a href=\"https:\/\/www.pizzeriaparadisodd.sk\/en_en\/product-category\/produkty\/\">Potraviny<\/a><\/h2>\t\t<\/div>\n\t\t\t\t<\/div>\n\t\t\t\t\t<\/div>\n\t\t<\/div>\n\t\t\t\t\t\t\t<\/div>\n\t\t<\/section>\n\t\t\t\t<section class=\"elementor-section elementor-top-section elementor-element elementor-element-292d775 elementor-section-boxed elementor-section-height-default elementor-section-height-default\" data-id=\"292d775\" data-element_type=\"section\">\n\t\t\t\t\t\t<div class=\"elementor-container elementor-column-gap-default\">\n\t\t\t\t\t<div class=\"elementor-column elementor-col-100 elementor-top-column elementor-element elementor-element-f34ac02\" data-id=\"f34ac02\" data-element_type=\"column\">\n\t\t\t<div class=\"elementor-widget-wrap elementor-element-populated\">\n\t\t\t\t\t\t\t\t<div class=\"elementor-element elementor-element-12bf2a8 elementor-align-center elementor-widget elementor-widget-button\" data-id=\"12bf2a8\" data-element_type=\"widget\" data-widget_type=\"button.default\">\n\t\t\t\t<div class=\"elementor-widget-container\">\n\t\t\t\t\t<div class=\"elementor-button-wrapper\">\n\t\t\t<a class=\"elementor-button elementor-button-link elementor-size-sm\" href=\"https:\/\/www.pizzeriaparadisodd.sk\/en_en\/pizza\/\">\n\t\t\t\t\t\t<span class=\"elementor-button-content-wrapper\">\n\t\t\t\t\t\t<span class=\"elementor-button-text\">Cel\u00e1 ponuka<\/span>\n\t\t<\/span>\n\t\t\t\t\t<\/a>\n\t\t<\/div>\n\t\t\t\t<\/div>\n\t\t\t\t<\/div>\n\t\t\t\t\t<\/div>\n\t\t<\/div>\n\t\t\t\t\t\t\t<\/div>\n\t\t<\/section>\n\t\t\t\t\t\t\t<\/div>\n\t\t","protected":false},"excerpt":{"rendered":"<p>We have the best pizza in the city Obchod Nie\u010do o n\u00e1s Na\u0161e cesto sa rodilo rokmi a rokmi sk\u00fasenost\u00ed. Je jedine\u010dn\u00e9 preto, preto\u017ee sme spojili starod\u00e1vnu tradi\u010dn\u00fa v\u00fdrobu pek\u00e1rov z Kal\u00e1brie a starod\u00e1vnu v\u00fdrobu pizz\u00e9rov z Neapola. Pizz\u00e9r Guido Paradiso sa riadil z\u00e1sadami tejto v\u00fdroby a vymyslel jedine\u010dn\u00e9 cesto.\u00a0 Zobrazi\u0165 viac Doru\u010denie Karlova Ves, [&hellip;]<\/p>\n","protected":false},"author":1,"featured_media":0,"parent":0,"menu_order":0,"comment_status":"closed","ping_status":"closed","template":"","meta":{"_acf_changed":false,"footnotes":""},"class_list":["post-14","page","type-page","status-publish","hentry"],"acf":[],"_links":{"self":[{"href":"https:\/\/www.pizzeriaparadisodd.sk\/en_en\/wp-json\/wp\/v2\/pages\/14","targetHints":{"allow":["GET"]}}],"collection":[{"href":"https:\/\/www.pizzeriaparadisodd.sk\/en_en\/wp-json\/wp\/v2\/pages"}],"about":[{"href":"https:\/\/www.pizzeriaparadisodd.sk\/en_en\/wp-json\/wp\/v2\/types\/page"}],"author":[{"embeddable":true,"href":"https:\/\/www.pizzeriaparadisodd.sk\/en_en\/wp-json\/wp\/v2\/users\/1"}],"replies":[{"embeddable":true,"href":"https:\/\/www.pizzeriaparadisodd.sk\/en_en\/wp-json\/wp\/v2\/comments?post=14"}],"version-history":[{"count":118,"href":"https:\/\/www.pizzeriaparadisodd.sk\/en_en\/wp-json\/wp\/v2\/pages\/14\/revisions"}],"predecessor-version":[{"id":46414,"href":"https:\/\/www.pizzeriaparadisodd.sk\/en_en\/wp-json\/wp\/v2\/pages\/14\/revisions\/46414"}],"wp:attachment":[{"href":"https:\/\/www.pizzeriaparadisodd.sk\/en_en\/wp-json\/wp\/v2\/media?parent=14"}],"curies":[{"name":"wp","href":"https:\/\/api.w.org\/{rel}","templated":true}]}}